{"id":10043,"date":"2021-11-23T10:20:26","date_gmt":"2021-11-23T10:20:26","guid":{"rendered":"https:\/\/www.gioiellitamburini.com\/prodotto\/meisterstuck-le-petit-prince-doue-classique-rollerball-ref-119670\/"},"modified":"2023-05-10T08:45:51","modified_gmt":"2023-05-10T08:45:51","slug":"meisterstuck-le-petit-prince-doue-classique-rollerball-ref-119670","status":"publish","type":"product","link":"https:\/\/www.gioiellitamburini.com\/en\/prodotto\/meisterstuck-le-petit-prince-doue-classique-rollerball-ref-119670\/","title":{"rendered":"Meisterst\u00fcck Le Petit Prince Dou\u00e9 Classique Rollerball ref. 119670"},"content":{"rendered":"<p><strong>Meisterst\u00fcck Le Petit Prince Dou\u00e9 Classique Rollerball ref. 119670<\/strong><\/p>\n<p>The Meisterst\u00fcck Le Petit Prince Solitaire Dou\u00e9 Classique roller with dark brown lacquered barrel is linked to the aviator aesthetic. The platinum metal cap, engraved with the design of the desert and the airplane, reveals a phrase from the book Le Petit Prince and is crowned with the iconic emblem. The central ring of the three platinum-coated rings features the Montblanc branding and the clip is embellished with a yellow lacquered star.<\/p>\n","protected":false},"excerpt":{"rendered":"<p>Montblanc rollerball pen, Le Petit Prince collection<\/p>\n","protected":false},"featured_media":10044,"template":"","meta":[],"product_cat":[92,108,134],"product_tag":[],"yoast_head":"<!-- This site is optimized with the Yoast SEO plugin v20.7 - https:\/\/yoast.com\/wordpress\/plugins\/seo\/ -->\n<title>Meisterst\u00fcck Le Petit Prince Dou\u00e9 Classique Rollerball ref. 119670 - Jewelery Watchmaking Tamburini Sergio Rimini Official site<\/title>\n<meta name=\"robots\" content=\"index, follow, max-snippet:-1, max-image-preview:large, max-video-preview:-1\" \/>\n<link rel=\"canonical\" href=\"https:\/\/www.gioiellitamburini.com\/en\/prodotto\/meisterstuck-le-petit-prince-doue-classique-rollerball-ref-119670\/\" \/>\n<meta property=\"og:locale\" content=\"en_US\" \/>\n<meta property=\"og:type\" content=\"article\" \/>\n<meta property=\"og:title\" content=\"Meisterst\u00fcck Le Petit Prince Dou\u00e9 Classique Rollerball ref. 119670 - Jewelery Watchmaking Tamburini Sergio Rimini Official site\" \/>\n<meta property=\"og:description\" content=\"Montblanc rollerball pen, Le Petit Prince collection\" \/>\n<meta property=\"og:url\" content=\"https:\/\/www.gioiellitamburini.com\/en\/prodotto\/meisterstuck-le-petit-prince-doue-classique-rollerball-ref-119670\/\" \/>\n<meta property=\"og:site_name\" content=\"Jewelery Watchmaking Tamburini Sergio Rimini Official site\" \/>\n<meta property=\"article:modified_time\" content=\"2023-05-10T08:45:51+00:00\" \/>\n<meta property=\"og:image\" content=\"https:\/\/www.gioiellitamburini.com\/wp-content\/uploads\/2021\/11\/119670.jpg\" \/>\n\t<meta property=\"og:image:width\" content=\"550\" \/>\n\t<meta property=\"og:image:height\" content=\"550\" \/>\n\t<meta property=\"og:image:type\" content=\"image\/jpeg\" \/>\n<meta name=\"twitter:card\" content=\"summary_large_image\" \/>\n<meta name=\"twitter:label1\" content=\"Est. reading time\" \/>\n\t<meta name=\"twitter:data1\" content=\"1 minute\" \/>\n<script type=\"application\/ld+json\" class=\"yoast-schema-graph\">{\"@context\":\"https:\/\/schema.org\",\"@graph\":[{\"@type\":\"WebPage\",\"@id\":\"https:\/\/www.gioiellitamburini.com\/en\/prodotto\/meisterstuck-le-petit-prince-doue-classique-rollerball-ref-119670\/\",\"url\":\"https:\/\/www.gioiellitamburini.com\/en\/prodotto\/meisterstuck-le-petit-prince-doue-classique-rollerball-ref-119670\/\",\"name\":\"Meisterst\u00fcck Le Petit Prince Dou\u00e9 Classique Rollerball ref. 119670 - Jewelery Watchmaking Tamburini Sergio Rimini Official site\",\"isPartOf\":{\"@id\":\"https:\/\/www.gioiellitamburini.com\/#website\"},\"datePublished\":\"2021-11-23T10:20:26+00:00\",\"dateModified\":\"2023-05-10T08:45:51+00:00\",\"breadcrumb\":{\"@id\":\"https:\/\/www.gioiellitamburini.com\/en\/prodotto\/meisterstuck-le-petit-prince-doue-classique-rollerball-ref-119670\/#breadcrumb\"},\"inLanguage\":\"en-US\",\"potentialAction\":[{\"@type\":\"ReadAction\",\"target\":[\"https:\/\/www.gioiellitamburini.com\/en\/prodotto\/meisterstuck-le-petit-prince-doue-classique-rollerball-ref-119670\/\"]}]},{\"@type\":\"BreadcrumbList\",\"@id\":\"https:\/\/www.gioiellitamburini.com\/en\/prodotto\/meisterstuck-le-petit-prince-doue-classique-rollerball-ref-119670\/#breadcrumb\",\"itemListElement\":[{\"@type\":\"ListItem\",\"position\":1,\"name\":\"Home\",\"item\":\"https:\/\/www.gioiellitamburini.com\/en\/\"},{\"@type\":\"ListItem\",\"position\":2,\"name\":\"Shop\",\"item\":\"https:\/\/www.gioiellitamburini.com\/en\/shop\/\"},{\"@type\":\"ListItem\",\"position\":3,\"name\":\"Meisterst\u00fcck Le Petit Prince Dou\u00e9 Classique Rollerball ref. 119670\"}]},{\"@type\":\"WebSite\",\"@id\":\"https:\/\/www.gioiellitamburini.com\/#website\",\"url\":\"https:\/\/www.gioiellitamburini.com\/\",\"name\":\"Jewelery Watchmaking Tamburini Sergio Rimini Official site\",\"description\":\"Esperienza e professionalit\u00e0 da oltre 60 anni al vostro servizio\",\"potentialAction\":[{\"@type\":\"SearchAction\",\"target\":{\"@type\":\"EntryPoint\",\"urlTemplate\":\"https:\/\/www.gioiellitamburini.com\/?s={search_term_string}\"},\"query-input\":\"required name=search_term_string\"}],\"inLanguage\":\"en-US\"}]}<\/script>\n<!-- \/ Yoast SEO plugin. -->","yoast_head_json":{"title":"Meisterst\u00fcck Le Petit Prince Dou\u00e9 Classique Rollerball ref. 119670 - Jewelery Watchmaking Tamburini Sergio Rimini Official site","robots":{"index":"index","follow":"follow","max-snippet":"max-snippet:-1","max-image-preview":"max-image-preview:large","max-video-preview":"max-video-preview:-1"},"canonical":"https:\/\/www.gioiellitamburini.com\/en\/prodotto\/meisterstuck-le-petit-prince-doue-classique-rollerball-ref-119670\/","og_locale":"en_US","og_type":"article","og_title":"Meisterst\u00fcck Le Petit Prince Dou\u00e9 Classique Rollerball ref. 119670 - Jewelery Watchmaking Tamburini Sergio Rimini Official site","og_description":"Montblanc rollerball pen, Le Petit Prince collection","og_url":"https:\/\/www.gioiellitamburini.com\/en\/prodotto\/meisterstuck-le-petit-prince-doue-classique-rollerball-ref-119670\/","og_site_name":"Jewelery Watchmaking Tamburini Sergio Rimini Official site","article_modified_time":"2023-05-10T08:45:51+00:00","og_image":[{"width":550,"height":550,"url":"https:\/\/www.gioiellitamburini.com\/wp-content\/uploads\/2021\/11\/119670.jpg","type":"image\/jpeg"}],"twitter_card":"summary_large_image","twitter_misc":{"Est. reading time":"1 minute"},"schema":{"@context":"https:\/\/schema.org","@graph":[{"@type":"WebPage","@id":"https:\/\/www.gioiellitamburini.com\/en\/prodotto\/meisterstuck-le-petit-prince-doue-classique-rollerball-ref-119670\/","url":"https:\/\/www.gioiellitamburini.com\/en\/prodotto\/meisterstuck-le-petit-prince-doue-classique-rollerball-ref-119670\/","name":"Meisterst\u00fcck Le Petit Prince Dou\u00e9 Classique Rollerball ref. 119670 - Jewelery Watchmaking Tamburini Sergio Rimini Official site","isPartOf":{"@id":"https:\/\/www.gioiellitamburini.com\/#website"},"datePublished":"2021-11-23T10:20:26+00:00","dateModified":"2023-05-10T08:45:51+00:00","breadcrumb":{"@id":"https:\/\/www.gioiellitamburini.com\/en\/prodotto\/meisterstuck-le-petit-prince-doue-classique-rollerball-ref-119670\/#breadcrumb"},"inLanguage":"en-US","potentialAction":[{"@type":"ReadAction","target":["https:\/\/www.gioiellitamburini.com\/en\/prodotto\/meisterstuck-le-petit-prince-doue-classique-rollerball-ref-119670\/"]}]},{"@type":"BreadcrumbList","@id":"https:\/\/www.gioiellitamburini.com\/en\/prodotto\/meisterstuck-le-petit-prince-doue-classique-rollerball-ref-119670\/#breadcrumb","itemListElement":[{"@type":"ListItem","position":1,"name":"Home","item":"https:\/\/www.gioiellitamburini.com\/en\/"},{"@type":"ListItem","position":2,"name":"Shop","item":"https:\/\/www.gioiellitamburini.com\/en\/shop\/"},{"@type":"ListItem","position":3,"name":"Meisterst\u00fcck Le Petit Prince Dou\u00e9 Classique Rollerball ref. 119670"}]},{"@type":"WebSite","@id":"https:\/\/www.gioiellitamburini.com\/#website","url":"https:\/\/www.gioiellitamburini.com\/","name":"Jewelery Watchmaking Tamburini Sergio Rimini Official site","description":"Esperienza e professionalit\u00e0 da oltre 60 anni al vostro servizio","potentialAction":[{"@type":"SearchAction","target":{"@type":"EntryPoint","urlTemplate":"https:\/\/www.gioiellitamburini.com\/?s={search_term_string}"},"query-input":"required name=search_term_string"}],"inLanguage":"en-US"}]}},"_links":{"self":[{"href":"https:\/\/www.gioiellitamburini.com\/en\/wp-json\/wp\/v2\/product\/10043"}],"collection":[{"href":"https:\/\/www.gioiellitamburini.com\/en\/wp-json\/wp\/v2\/product"}],"about":[{"href":"https:\/\/www.gioiellitamburini.com\/en\/wp-json\/wp\/v2\/types\/product"}],"wp:featuredmedia":[{"embeddable":true,"href":"https:\/\/www.gioiellitamburini.com\/en\/wp-json\/wp\/v2\/media\/10044"}],"wp:attachment":[{"href":"https:\/\/www.gioiellitamburini.com\/en\/wp-json\/wp\/v2\/media?parent=10043"}],"wp:term":[{"taxonomy":"product_cat","embeddable":true,"href":"https:\/\/www.gioiellitamburini.com\/en\/wp-json\/wp\/v2\/product_cat?post=10043"},{"taxonomy":"product_tag","embeddable":true,"href":"https:\/\/www.gioiellitamburini.com\/en\/wp-json\/wp\/v2\/product_tag?post=10043"}],"curies":[{"name":"wp","href":"https:\/\/api.w.org\/{rel}","templated":true}]}}