{"id":14428,"date":"2023-12-04T17:48:32","date_gmt":"2023-12-04T17:48:32","guid":{"rendered":"https:\/\/www.gioiellitamburini.com\/prodotto\/baume-mercier-riviera-ref-10715\/"},"modified":"2024-08-01T17:03:14","modified_gmt":"2024-08-01T17:03:14","slug":"baume-mercier-riviera-ref-10715","status":"publish","type":"product","link":"https:\/\/www.gioiellitamburini.com\/en\/prodotto\/baume-mercier-riviera-ref-10715\/","title":{"rendered":"BAUME &amp; MERCIER RIVIERA ref.10715"},"content":{"rendered":"<p>Per i suoi 50 anni, il Riviera torna nel 2023 in tre versioni inedite da 39 mm di diametro, conservando la lunetta dodecagonale a 12 lati munita di quattro viti e l\u2019intramontabile stile sporty-chic. Queste versioni sono dotate inoltre di un movimento di Manifattura Baumatic dalle comprovate performance (montato fin dal suo lancio nel 2017), visibile attraverso il quadrante in vetro zaffiro fum\u00e9 simbolo del Riviera Baumatic. Il design originale \u00e8 riconoscibile, come il desiderio di abbracciare la contemporaneit\u00e0. Ultime nate della collezione Riviera, le tre nuove declinazioni da 39 mm di diametro conservano nel loro DNA la potenza evocativa del modello originale del 1973.<\/p>\n","protected":false},"excerpt":{"rendered":"<p>OROLOGIO AUTOMATICO, DATARIO &#8211; 39MM | Animato dal prestigioso calibro di Manifattura Baumatic, il Riviera 10715 \u00e8 l\u2019orologio svizzero \u201call road\u201d per eccellenza. Il quadrante in vetro zaffiro grigio fum\u00e9 trasparente, il bracciale intercambiabile in metallo e il fondello aperto completano il look sportivo di questo segnatempo \u201cSwiss Made\u201d.<\/p>\n","protected":false},"featured_media":14435,"template":"","meta":[],"product_cat":[91,120],"product_tag":[],"yoast_head":"<!-- This site is optimized with the Yoast SEO plugin v20.7 - https:\/\/yoast.com\/wordpress\/plugins\/seo\/ -->\n<title>BAUME &amp; MERCIER RIVIERA ref.10715 - Jewelery Watchmaking Tamburini Sergio Rimini Official site<\/title>\n<meta name=\"robots\" content=\"index, follow, max-snippet:-1, max-image-preview:large, max-video-preview:-1\" \/>\n<link rel=\"canonical\" href=\"https:\/\/www.gioiellitamburini.com\/en\/prodotto\/baume-mercier-riviera-ref-10715\/\" \/>\n<meta property=\"og:locale\" content=\"en_US\" \/>\n<meta property=\"og:type\" content=\"article\" \/>\n<meta property=\"og:title\" content=\"BAUME &amp; MERCIER RIVIERA ref.10715 - Jewelery Watchmaking Tamburini Sergio Rimini Official site\" \/>\n<meta property=\"og:description\" content=\"OROLOGIO AUTOMATICO, DATARIO - 39MM | Animato dal prestigioso calibro di Manifattura Baumatic, il Riviera 10715 \u00e8 l\u2019orologio svizzero \u201call road\u201d per eccellenza. Il quadrante in vetro zaffiro grigio fum\u00e9 trasparente, il bracciale intercambiabile in metallo e il fondello aperto completano il look sportivo di questo segnatempo \u201cSwiss Made\u201d.\" \/>\n<meta property=\"og:url\" content=\"https:\/\/www.gioiellitamburini.com\/prodotto\/baume-mercier-riviera-ref-10715\/\" \/>\n<meta property=\"og:site_name\" content=\"Jewelery Watchmaking Tamburini Sergio Rimini Official site\" \/>\n<meta property=\"article:modified_time\" content=\"2024-08-01T17:03:14+00:00\" \/>\n<meta property=\"og:image\" content=\"https:\/\/www.gioiellitamburini.com\/wp-content\/uploads\/2023\/12\/thumb-_3_.jpg\" \/>\n\t<meta property=\"og:image:width\" content=\"1000\" \/>\n\t<meta property=\"og:image:height\" content=\"1000\" \/>\n\t<meta property=\"og:image:type\" content=\"image\/jpeg\" \/>\n<meta name=\"twitter:card\" content=\"summary_large_image\" \/>\n<meta name=\"twitter:label1\" content=\"Est. reading time\" \/>\n\t<meta name=\"twitter:data1\" content=\"1 minute\" \/>\n<script type=\"application\/ld+json\" class=\"yoast-schema-graph\">{\"@context\":\"https:\/\/schema.org\",\"@graph\":[{\"@type\":\"WebPage\",\"@id\":\"https:\/\/www.gioiellitamburini.com\/prodotto\/baume-mercier-riviera-ref-10715\/\",\"url\":\"https:\/\/www.gioiellitamburini.com\/prodotto\/baume-mercier-riviera-ref-10715\/\",\"name\":\"BAUME &amp; MERCIER RIVIERA ref.10715 - Jewelery Watchmaking Tamburini Sergio Rimini Official site\",\"isPartOf\":{\"@id\":\"https:\/\/www.gioiellitamburini.com\/#website\"},\"datePublished\":\"2023-12-04T17:48:32+00:00\",\"dateModified\":\"2024-08-01T17:03:14+00:00\",\"breadcrumb\":{\"@id\":\"https:\/\/www.gioiellitamburini.com\/prodotto\/baume-mercier-riviera-ref-10715\/#breadcrumb\"},\"inLanguage\":\"en-US\",\"potentialAction\":[{\"@type\":\"ReadAction\",\"target\":[\"https:\/\/www.gioiellitamburini.com\/prodotto\/baume-mercier-riviera-ref-10715\/\"]}]},{\"@type\":\"BreadcrumbList\",\"@id\":\"https:\/\/www.gioiellitamburini.com\/prodotto\/baume-mercier-riviera-ref-10715\/#breadcrumb\",\"itemListElement\":[{\"@type\":\"ListItem\",\"position\":1,\"name\":\"Home\",\"item\":\"https:\/\/www.gioiellitamburini.com\/en\/\"},{\"@type\":\"ListItem\",\"position\":2,\"name\":\"Shop\",\"item\":\"https:\/\/www.gioiellitamburini.com\/en\/shop\/\"},{\"@type\":\"ListItem\",\"position\":3,\"name\":\"BAUME &amp; MERCIER RIVIERA ref.10715\"}]},{\"@type\":\"WebSite\",\"@id\":\"https:\/\/www.gioiellitamburini.com\/#website\",\"url\":\"https:\/\/www.gioiellitamburini.com\/\",\"name\":\"Jewelery Watchmaking Tamburini Sergio Rimini Official site\",\"description\":\"Esperienza e professionalit\u00e0 da oltre 60 anni al vostro servizio\",\"potentialAction\":[{\"@type\":\"SearchAction\",\"target\":{\"@type\":\"EntryPoint\",\"urlTemplate\":\"https:\/\/www.gioiellitamburini.com\/?s={search_term_string}\"},\"query-input\":\"required name=search_term_string\"}],\"inLanguage\":\"en-US\"}]}<\/script>\n<!-- \/ Yoast SEO plugin. -->","yoast_head_json":{"title":"BAUME &amp; MERCIER RIVIERA ref.10715 - Jewelery Watchmaking Tamburini Sergio Rimini Official site","robots":{"index":"index","follow":"follow","max-snippet":"max-snippet:-1","max-image-preview":"max-image-preview:large","max-video-preview":"max-video-preview:-1"},"canonical":"https:\/\/www.gioiellitamburini.com\/en\/prodotto\/baume-mercier-riviera-ref-10715\/","og_locale":"en_US","og_type":"article","og_title":"BAUME &amp; MERCIER RIVIERA ref.10715 - Jewelery Watchmaking Tamburini Sergio Rimini Official site","og_description":"OROLOGIO AUTOMATICO, DATARIO - 39MM | Animato dal prestigioso calibro di Manifattura Baumatic, il Riviera 10715 \u00e8 l\u2019orologio svizzero \u201call road\u201d per eccellenza. Il quadrante in vetro zaffiro grigio fum\u00e9 trasparente, il bracciale intercambiabile in metallo e il fondello aperto completano il look sportivo di questo segnatempo \u201cSwiss Made\u201d.","og_url":"https:\/\/www.gioiellitamburini.com\/prodotto\/baume-mercier-riviera-ref-10715\/","og_site_name":"Jewelery Watchmaking Tamburini Sergio Rimini Official site","article_modified_time":"2024-08-01T17:03:14+00:00","og_image":[{"width":1000,"height":1000,"url":"https:\/\/www.gioiellitamburini.com\/wp-content\/uploads\/2023\/12\/thumb-_3_.jpg","type":"image\/jpeg"}],"twitter_card":"summary_large_image","twitter_misc":{"Est. reading time":"1 minute"},"schema":{"@context":"https:\/\/schema.org","@graph":[{"@type":"WebPage","@id":"https:\/\/www.gioiellitamburini.com\/prodotto\/baume-mercier-riviera-ref-10715\/","url":"https:\/\/www.gioiellitamburini.com\/prodotto\/baume-mercier-riviera-ref-10715\/","name":"BAUME &amp; MERCIER RIVIERA ref.10715 - Jewelery Watchmaking Tamburini Sergio Rimini Official site","isPartOf":{"@id":"https:\/\/www.gioiellitamburini.com\/#website"},"datePublished":"2023-12-04T17:48:32+00:00","dateModified":"2024-08-01T17:03:14+00:00","breadcrumb":{"@id":"https:\/\/www.gioiellitamburini.com\/prodotto\/baume-mercier-riviera-ref-10715\/#breadcrumb"},"inLanguage":"en-US","potentialAction":[{"@type":"ReadAction","target":["https:\/\/www.gioiellitamburini.com\/prodotto\/baume-mercier-riviera-ref-10715\/"]}]},{"@type":"BreadcrumbList","@id":"https:\/\/www.gioiellitamburini.com\/prodotto\/baume-mercier-riviera-ref-10715\/#breadcrumb","itemListElement":[{"@type":"ListItem","position":1,"name":"Home","item":"https:\/\/www.gioiellitamburini.com\/en\/"},{"@type":"ListItem","position":2,"name":"Shop","item":"https:\/\/www.gioiellitamburini.com\/en\/shop\/"},{"@type":"ListItem","position":3,"name":"BAUME &amp; MERCIER RIVIERA ref.10715"}]},{"@type":"WebSite","@id":"https:\/\/www.gioiellitamburini.com\/#website","url":"https:\/\/www.gioiellitamburini.com\/","name":"Jewelery Watchmaking Tamburini Sergio Rimini Official site","description":"Esperienza e professionalit\u00e0 da oltre 60 anni al vostro servizio","potentialAction":[{"@type":"SearchAction","target":{"@type":"EntryPoint","urlTemplate":"https:\/\/www.gioiellitamburini.com\/?s={search_term_string}"},"query-input":"required name=search_term_string"}],"inLanguage":"en-US"}]}},"_links":{"self":[{"href":"https:\/\/www.gioiellitamburini.com\/en\/wp-json\/wp\/v2\/product\/14428"}],"collection":[{"href":"https:\/\/www.gioiellitamburini.com\/en\/wp-json\/wp\/v2\/product"}],"about":[{"href":"https:\/\/www.gioiellitamburini.com\/en\/wp-json\/wp\/v2\/types\/product"}],"wp:featuredmedia":[{"embeddable":true,"href":"https:\/\/www.gioiellitamburini.com\/en\/wp-json\/wp\/v2\/media\/14435"}],"wp:attachment":[{"href":"https:\/\/www.gioiellitamburini.com\/en\/wp-json\/wp\/v2\/media?parent=14428"}],"wp:term":[{"taxonomy":"product_cat","embeddable":true,"href":"https:\/\/www.gioiellitamburini.com\/en\/wp-json\/wp\/v2\/product_cat?post=14428"},{"taxonomy":"product_tag","embeddable":true,"href":"https:\/\/www.gioiellitamburini.com\/en\/wp-json\/wp\/v2\/product_tag?post=14428"}],"curies":[{"name":"wp","href":"https:\/\/api.w.org\/{rel}","templated":true}]}}