{"id":14680,"date":"2025-05-31T14:15:06","date_gmt":"2025-05-31T14:15:06","guid":{"rendered":"https:\/\/www.gioiellitamburini.com\/?post_type=product&#038;p=14680"},"modified":"2025-05-31T14:15:06","modified_gmt":"2025-05-31T14:15:06","slug":"mido-multifort-skeleton-chronograph-ref-m038-662-17-040-00-%e2%88%85-43mm","status":"publish","type":"product","link":"https:\/\/www.gioiellitamburini.com\/en\/prodotto\/mido-multifort-skeleton-chronograph-ref-m038-662-17-040-00-%e2%88%85-43mm\/","title":{"rendered":"MIDO Multifort Skeleton Chronograph ref.M038.662.17.040.00 &#8211; \u2205 43MM"},"content":{"rendered":"<p>Il Multifort Skeleton Chronograph \u00e8 la vera incarnazione della rarit\u00e0, della tecnologia all&#8217;avanguardia e dell&#8217;eccezionale maestria artigianale. Il sofisticato e preciso movimento automatico svizzero \u00e8 il cuore di questo orologio sportivo, con funzionalit\u00e0 cronografiche avanzate. Il quadrante scheletrato, con le sue lancette meticolosamente lavorate, rivela la complessit\u00e0 meccanica dell&#8217;orologio, garantendo al contempo una leggibilit\u00e0 ottimale grazie al vetro zaffiro, trattato con un rivestimento antiriflesso su entrambi i lati. Il fondello trasparente mette in mostra la bellezza del cronografo scheletrato automatico calibro 60 A05.951, sviluppato e realizzato da MIDO per la prima volta.<\/p>\n<ul>\n<li>\n<h4>N. MODELLO<\/h4>\n<p>M038.662.17.040.00<\/li>\n<li>\n<h4>COLLEZIONE<\/h4>\n<p>Multifort<\/li>\n<li>\n<h4>IMPERMEABILIT\u00c0<\/h4>\n<p>10 bar (100 m \/ 330 ft) con corona a vite<\/li>\n<li>\n<h4>GARANZIA<\/h4>\n<p>2 anni di garanzia<\/li>\n<li>\n<h4>PESO (G)<\/h4>\n<p>119<\/li>\n<li>\n<h4>FORMA DELLA CASSA<\/h4>\n<p>Rotondo<\/li>\n<li>\n<h4>MATERIALE DELLA CASSA<\/h4>\n<p>Acciaio inossidabile<\/li>\n<li>\n<h4>VETRO<\/h4>\n<p>Vetro zaffiro con trattamento antiriflesso su entrambi i lati<\/li>\n<li>\n<h4>OPZIONI DELLA CASSA<\/h4>\n<p>Cassa con Fondello a vista, Corona a vite<\/li>\n<li>\n<h4>LUNGHEZZA (MM)<\/h4>\n<p>43.00<\/li>\n<li>\n<h4>LARGHEZZA (MM)<\/h4>\n<p>43.00<\/li>\n<li>\n<h4>SPESSORE MEDIO (MM)<\/h4>\n<p>14.4<\/li>\n<li>\n<h4>ANSE (MM)<\/h4>\n<p>22.00<\/li>\n<li>\n<h4>MOVIMENTO<\/h4>\n<p>Mido automatico ETA<\/li>\n<li>\n<h4>FUNZIONI<\/h4>\n<p>Cronografo, Piccoli secondi<\/li>\n<li>\n<h4>RISERVA DI CARICA<\/h4>\n<p>Riserva di carica pari a 60 ore<\/li>\n<\/ul>\n","protected":false},"excerpt":{"rendered":"<ul>\n<li>Movimento scheletrato<\/li>\n<li>Funzione cronografo<\/li>\n<li>Spirale in Nivachron\u2122<\/li>\n<\/ul>\n","protected":false},"featured_media":14685,"template":"","meta":[],"product_cat":[91,119,108,120],"product_tag":[],"yoast_head":"<!-- This site is optimized with the Yoast SEO plugin v20.7 - https:\/\/yoast.com\/wordpress\/plugins\/seo\/ -->\n<title>MIDO Multifort Skeleton Chronograph ref.M038.662.17.040.00 - \u2205 43MM - Jewelery Watchmaking Tamburini Sergio Rimini Official site<\/title>\n<meta name=\"robots\" content=\"index, follow, max-snippet:-1, max-image-preview:large, max-video-preview:-1\" \/>\n<link rel=\"canonical\" href=\"https:\/\/www.gioiellitamburini.com\/en\/prodotto\/mido-multifort-skeleton-chronograph-ref-m038-662-17-040-00-\u2205-43mm\/\" \/>\n<meta property=\"og:locale\" content=\"en_US\" \/>\n<meta property=\"og:type\" content=\"article\" \/>\n<meta property=\"og:title\" content=\"MIDO Multifort Skeleton Chronograph ref.M038.662.17.040.00 - \u2205 43MM - Jewelery Watchmaking Tamburini Sergio Rimini Official site\" \/>\n<meta property=\"og:description\" content=\"Movimento scheletrato  Funzione cronografo  Spirale in Nivachron\u2122\" \/>\n<meta property=\"og:url\" content=\"https:\/\/www.gioiellitamburini.com\/prodotto\/mido-multifort-skeleton-chronograph-ref-m038-662-17-040-00-\u2205-43mm\/\" \/>\n<meta property=\"og:site_name\" content=\"Jewelery Watchmaking Tamburini Sergio Rimini Official site\" \/>\n<meta property=\"og:image\" content=\"https:\/\/www.gioiellitamburini.com\/wp-content\/uploads\/2025\/05\/Mido-Multifort-Skeleton-Chronograph-M038.662.17.040.00-Casavola-Gioiellieri-dal-1882-Noci-cronografo-automatico-svizzero-da-uomo-scheletrato-con-vetro-zaffiro.webp\" \/>\n\t<meta property=\"og:image:width\" content=\"1680\" \/>\n\t<meta property=\"og:image:height\" content=\"1680\" \/>\n\t<meta property=\"og:image:type\" content=\"image\/webp\" \/>\n<meta name=\"twitter:card\" content=\"summary_large_image\" \/>\n<meta name=\"twitter:label1\" content=\"Est. reading time\" \/>\n\t<meta name=\"twitter:data1\" content=\"1 minute\" \/>\n<script type=\"application\/ld+json\" class=\"yoast-schema-graph\">{\"@context\":\"https:\/\/schema.org\",\"@graph\":[{\"@type\":\"WebPage\",\"@id\":\"https:\/\/www.gioiellitamburini.com\/prodotto\/mido-multifort-skeleton-chronograph-ref-m038-662-17-040-00-%e2%88%85-43mm\/\",\"url\":\"https:\/\/www.gioiellitamburini.com\/prodotto\/mido-multifort-skeleton-chronograph-ref-m038-662-17-040-00-%e2%88%85-43mm\/\",\"name\":\"MIDO Multifort Skeleton Chronograph ref.M038.662.17.040.00 - \u2205 43MM - Jewelery Watchmaking Tamburini Sergio Rimini Official site\",\"isPartOf\":{\"@id\":\"https:\/\/www.gioiellitamburini.com\/#website\"},\"datePublished\":\"2025-05-31T14:15:06+00:00\",\"dateModified\":\"2025-05-31T14:15:06+00:00\",\"breadcrumb\":{\"@id\":\"https:\/\/www.gioiellitamburini.com\/prodotto\/mido-multifort-skeleton-chronograph-ref-m038-662-17-040-00-%e2%88%85-43mm\/#breadcrumb\"},\"inLanguage\":\"en-US\",\"potentialAction\":[{\"@type\":\"ReadAction\",\"target\":[\"https:\/\/www.gioiellitamburini.com\/prodotto\/mido-multifort-skeleton-chronograph-ref-m038-662-17-040-00-%e2%88%85-43mm\/\"]}]},{\"@type\":\"BreadcrumbList\",\"@id\":\"https:\/\/www.gioiellitamburini.com\/prodotto\/mido-multifort-skeleton-chronograph-ref-m038-662-17-040-00-%e2%88%85-43mm\/#breadcrumb\",\"itemListElement\":[{\"@type\":\"ListItem\",\"position\":1,\"name\":\"Home\",\"item\":\"https:\/\/www.gioiellitamburini.com\/en\/\"},{\"@type\":\"ListItem\",\"position\":2,\"name\":\"Shop\",\"item\":\"https:\/\/www.gioiellitamburini.com\/en\/shop\/\"},{\"@type\":\"ListItem\",\"position\":3,\"name\":\"MIDO Multifort Skeleton Chronograph ref.M038.662.17.040.00 &#8211; \u2205 43MM\"}]},{\"@type\":\"WebSite\",\"@id\":\"https:\/\/www.gioiellitamburini.com\/#website\",\"url\":\"https:\/\/www.gioiellitamburini.com\/\",\"name\":\"Jewelery Watchmaking Tamburini Sergio Rimini Official site\",\"description\":\"Esperienza e professionalit\u00e0 da oltre 60 anni al vostro servizio\",\"potentialAction\":[{\"@type\":\"SearchAction\",\"target\":{\"@type\":\"EntryPoint\",\"urlTemplate\":\"https:\/\/www.gioiellitamburini.com\/?s={search_term_string}\"},\"query-input\":\"required name=search_term_string\"}],\"inLanguage\":\"en-US\"}]}<\/script>\n<!-- \/ Yoast SEO plugin. -->","yoast_head_json":{"title":"MIDO Multifort Skeleton Chronograph ref.M038.662.17.040.00 - \u2205 43MM - Jewelery Watchmaking Tamburini Sergio Rimini Official site","robots":{"index":"index","follow":"follow","max-snippet":"max-snippet:-1","max-image-preview":"max-image-preview:large","max-video-preview":"max-video-preview:-1"},"canonical":"https:\/\/www.gioiellitamburini.com\/en\/prodotto\/mido-multifort-skeleton-chronograph-ref-m038-662-17-040-00-\u2205-43mm\/","og_locale":"en_US","og_type":"article","og_title":"MIDO Multifort Skeleton Chronograph ref.M038.662.17.040.00 - \u2205 43MM - Jewelery Watchmaking Tamburini Sergio Rimini Official site","og_description":"Movimento scheletrato  Funzione cronografo  Spirale in Nivachron\u2122","og_url":"https:\/\/www.gioiellitamburini.com\/prodotto\/mido-multifort-skeleton-chronograph-ref-m038-662-17-040-00-\u2205-43mm\/","og_site_name":"Jewelery Watchmaking Tamburini Sergio Rimini Official site","og_image":[{"width":1680,"height":1680,"url":"https:\/\/www.gioiellitamburini.com\/wp-content\/uploads\/2025\/05\/Mido-Multifort-Skeleton-Chronograph-M038.662.17.040.00-Casavola-Gioiellieri-dal-1882-Noci-cronografo-automatico-svizzero-da-uomo-scheletrato-con-vetro-zaffiro.webp","type":"image\/webp"}],"twitter_card":"summary_large_image","twitter_misc":{"Est. reading time":"1 minute"},"schema":{"@context":"https:\/\/schema.org","@graph":[{"@type":"WebPage","@id":"https:\/\/www.gioiellitamburini.com\/prodotto\/mido-multifort-skeleton-chronograph-ref-m038-662-17-040-00-%e2%88%85-43mm\/","url":"https:\/\/www.gioiellitamburini.com\/prodotto\/mido-multifort-skeleton-chronograph-ref-m038-662-17-040-00-%e2%88%85-43mm\/","name":"MIDO Multifort Skeleton Chronograph ref.M038.662.17.040.00 - \u2205 43MM - Jewelery Watchmaking Tamburini Sergio Rimini Official site","isPartOf":{"@id":"https:\/\/www.gioiellitamburini.com\/#website"},"datePublished":"2025-05-31T14:15:06+00:00","dateModified":"2025-05-31T14:15:06+00:00","breadcrumb":{"@id":"https:\/\/www.gioiellitamburini.com\/prodotto\/mido-multifort-skeleton-chronograph-ref-m038-662-17-040-00-%e2%88%85-43mm\/#breadcrumb"},"inLanguage":"en-US","potentialAction":[{"@type":"ReadAction","target":["https:\/\/www.gioiellitamburini.com\/prodotto\/mido-multifort-skeleton-chronograph-ref-m038-662-17-040-00-%e2%88%85-43mm\/"]}]},{"@type":"BreadcrumbList","@id":"https:\/\/www.gioiellitamburini.com\/prodotto\/mido-multifort-skeleton-chronograph-ref-m038-662-17-040-00-%e2%88%85-43mm\/#breadcrumb","itemListElement":[{"@type":"ListItem","position":1,"name":"Home","item":"https:\/\/www.gioiellitamburini.com\/en\/"},{"@type":"ListItem","position":2,"name":"Shop","item":"https:\/\/www.gioiellitamburini.com\/en\/shop\/"},{"@type":"ListItem","position":3,"name":"MIDO Multifort Skeleton Chronograph ref.M038.662.17.040.00 &#8211; \u2205 43MM"}]},{"@type":"WebSite","@id":"https:\/\/www.gioiellitamburini.com\/#website","url":"https:\/\/www.gioiellitamburini.com\/","name":"Jewelery Watchmaking Tamburini Sergio Rimini Official site","description":"Esperienza e professionalit\u00e0 da oltre 60 anni al vostro servizio","potentialAction":[{"@type":"SearchAction","target":{"@type":"EntryPoint","urlTemplate":"https:\/\/www.gioiellitamburini.com\/?s={search_term_string}"},"query-input":"required name=search_term_string"}],"inLanguage":"en-US"}]}},"_links":{"self":[{"href":"https:\/\/www.gioiellitamburini.com\/en\/wp-json\/wp\/v2\/product\/14680"}],"collection":[{"href":"https:\/\/www.gioiellitamburini.com\/en\/wp-json\/wp\/v2\/product"}],"about":[{"href":"https:\/\/www.gioiellitamburini.com\/en\/wp-json\/wp\/v2\/types\/product"}],"wp:featuredmedia":[{"embeddable":true,"href":"https:\/\/www.gioiellitamburini.com\/en\/wp-json\/wp\/v2\/media\/14685"}],"wp:attachment":[{"href":"https:\/\/www.gioiellitamburini.com\/en\/wp-json\/wp\/v2\/media?parent=14680"}],"wp:term":[{"taxonomy":"product_cat","embeddable":true,"href":"https:\/\/www.gioiellitamburini.com\/en\/wp-json\/wp\/v2\/product_cat?post=14680"},{"taxonomy":"product_tag","embeddable":true,"href":"https:\/\/www.gioiellitamburini.com\/en\/wp-json\/wp\/v2\/product_tag?post=14680"}],"curies":[{"name":"wp","href":"https:\/\/api.w.org\/{rel}","templated":true}]}}